{"id":7622,"date":"2023-09-19T14:00:35","date_gmt":"2023-09-19T12:00:35","guid":{"rendered":"https:\/\/amit-t.top-me.eu\/?page_id=7622"},"modified":"2024-03-04T08:43:33","modified_gmt":"2024-03-04T06:43:33","slug":"products","status":"publish","type":"page","link":"https:\/\/amit.cz\/en\/products\/","title":{"rendered":"Products"},"content":{"rendered":"\t\t<div data-elementor-type=\"wp-page\" data-elementor-id=\"7622\" class=\"elementor elementor-7622 elementor-6758\" data-elementor-post-type=\"page\">\n\t\t\t\t\t\t<section class=\"elementor-section elementor-top-section elementor-element elementor-element-8105e8b elementor-section-boxed elementor-section-height-default elementor-section-height-default\" data-id=\"8105e8b\" data-element_type=\"section\">\n\t\t\t\t\t\t<div class=\"elementor-container elementor-column-gap-default\">\n\t\t\t\t\t<div class=\"elementor-column elementor-col-100 elementor-top-column elementor-element elementor-element-16fea71\" data-id=\"16fea71\" data-element_type=\"column\">\n\t\t\t<div class=\"elementor-widget-wrap elementor-element-populated\">\n\t\t\t\t\t\t<div class=\"elementor-element elementor-element-46cfd5a elementor-widget elementor-widget-heading\" data-id=\"46cfd5a\" data-element_type=\"widget\" data-widget_type=\"heading.default\">\n\t\t\t\t<div class=\"elementor-widget-container\">\n\t\t\t\t\t<h2 class=\"elementor-heading-title elementor-size-default\">Produkty spole\u010dnosti amit<\/h2>\t\t\t\t<\/div>\n\t\t\t\t<\/div>\n\t\t\t\t\t<\/div>\n\t\t<\/div>\n\t\t\t\t\t<\/div>\n\t\t<\/section>\n\t\t<div class=\"elementor-element elementor-element-cc66678 e-flex e-con-boxed e-con e-parent\" data-id=\"cc66678\" data-element_type=\"container\">\n\t\t\t\t\t<div class=\"e-con-inner\">\n\t\t\t\t<div class=\"elementor-element elementor-element-77ca90f elementor-widget elementor-widget-text-editor\" data-id=\"77ca90f\" data-element_type=\"widget\" data-widget_type=\"text-editor.default\">\n\t\t\t\t<div class=\"elementor-widget-container\">\n\t\t\t\t\t\t\t\t\t<p>Spole\u010dnost AMiT, spol. s r.o. se specializuje na v\u00fdvoj a v\u00fdrobu elektroniky pro dopravu, p\u0159edev\u0161\u00edm kolejov\u00e1 vozidla. T\u00fdm vysoce kvalifikovan\u00fdch odborn\u00edk\u016f vytv\u00e1\u0159\u00ed komplexn\u00ed automatiza\u010dn\u00ed \u0159e\u0161en\u00ed a st\u00e1v\u00e1 se tak v\u00fdznamn\u00fdm partnerem p\u0159i n\u00e1vrhu a realizaci v\u00fdznamn\u00fdch projekt\u016f v doprav\u011b.<\/p><p>Firma AMiT, spol. s r.o. se orientuje na hardwarov\u00e1 a softwarov\u00e1 \u0159e\u0161en\u00ed zejm\u00e9na v t\u011bchto oblastech:<\/p><ul><li>panelov\u00e9 po\u010d\u00edta\u010de<\/li><li>vozidlov\u00e9 po\u010d\u00edta\u010de<\/li><li>syst\u00e9my nad\u0159azen\u00e9ho \u0159\u00edzen\u00ed vozidel s komunikac\u00ed CANopen<\/li><li>prvky vlakov\u00e9 komunika\u010dn\u00ed s\u00edt\u011b, WTB uzly<\/li><li>IP distribuovan\u00e9 kamerov\u00e9 syst\u00e9my vozidel<\/li><li>IP audio syst\u00e9my pro kolejov\u00e1 vozidla<\/li><li>informa\u010dn\u00ed syst\u00e9my cestuj\u00edc\u00edch dle UIC 176, UIC 556<\/li><li>LED a TFT informa\u010dn\u00ed panely kolejov\u00fdch vozidel<\/li><li>prvky Ethernetov\u00e9 komunikace v doprav\u011b<\/li><li>pulty \u0159idi\u010de<\/li><li>zak\u00e1zkov\u00fd v\u00fdvoj a v\u00fdroba elektroniky a \u0159e\u0161en\u00ed<\/li><\/ul><p>Ve\u0161ker\u00e1 dokumentace je voln\u011b k dispozici, lze ji stahovat, tisknout a d\u00e1le \u0161\u00ed\u0159it za p\u0159edpokladu, \u017ee nebude modifikov\u00e1na a d\u00e1le upravov\u00e1na. V ostatn\u00edch p\u0159\u00edpadech je nutn\u00fd souhlas firmy AMiT.<\/p>\t\t\t\t\t\t\t\t<\/div>\n\t\t\t\t<\/div>\n\t\t\t\t\t<\/div>\n\t\t\t\t<\/div>\n\t\t\t\t<\/div>\n\t\t","protected":false},"excerpt":{"rendered":"","protected":false},"author":80,"featured_media":0,"parent":0,"menu_order":13,"comment_status":"closed","ping_status":"closed","template":"page-templates\/full-width-no-title.php","meta":{"inspiro_page_layout":"narrow","inspiro_hide_title":false,"footnotes":""},"class_list":["post-7622","page","type-page","status-publish","hentry"],"yoast_head":"<!-- This site is optimized with the Yoast SEO plugin v26.5 - https:\/\/yoast.com\/wordpress\/plugins\/seo\/ -->\n<title>Products - AMiT Holding<\/title>\n<meta name=\"robots\" content=\"index, follow, max-snippet:-1, max-image-preview:large, max-video-preview:-1\" \/>\n<link rel=\"canonical\" href=\"https:\/\/amit.cz\/produkty\/\" \/>\n<meta property=\"og:locale\" content=\"en_US\" \/>\n<meta property=\"og:type\" content=\"article\" \/>\n<meta property=\"og:title\" content=\"Products - AMiT Holding\" \/>\n<meta property=\"og:url\" content=\"https:\/\/amit.cz\/produkty\/\" \/>\n<meta property=\"og:site_name\" content=\"AMiT Holding\" \/>\n<meta property=\"article:modified_time\" content=\"2024-03-04T06:43:33+00:00\" \/>\n<meta name=\"twitter:card\" content=\"summary_large_image\" \/>\n<meta name=\"twitter:label1\" content=\"Est. reading time\" \/>\n\t<meta name=\"twitter:data1\" content=\"36 minutes\" \/>\n<script type=\"application\/ld+json\" class=\"yoast-schema-graph\">{\"@context\":\"https:\/\/schema.org\",\"@graph\":[{\"@type\":\"WebPage\",\"@id\":\"https:\/\/amit.cz\/produkty\/\",\"url\":\"https:\/\/amit.cz\/produkty\/\",\"name\":\"Products - AMiT Holding\",\"isPartOf\":{\"@id\":\"https:\/\/amit.cz\/#website\"},\"datePublished\":\"2023-09-19T12:00:35+00:00\",\"dateModified\":\"2024-03-04T06:43:33+00:00\",\"breadcrumb\":{\"@id\":\"https:\/\/amit.cz\/produkty\/#breadcrumb\"},\"inLanguage\":\"en-US\",\"potentialAction\":[{\"@type\":\"ReadAction\",\"target\":[\"https:\/\/amit.cz\/produkty\/\"]}]},{\"@type\":\"BreadcrumbList\",\"@id\":\"https:\/\/amit.cz\/produkty\/#breadcrumb\",\"itemListElement\":[{\"@type\":\"ListItem\",\"position\":1,\"name\":\"Home\",\"item\":\"https:\/\/amit.cz\/\"},{\"@type\":\"ListItem\",\"position\":2,\"name\":\"Products\"}]},{\"@type\":\"WebSite\",\"@id\":\"https:\/\/amit.cz\/#website\",\"url\":\"https:\/\/amit.cz\/\",\"name\":\"AMiT Holding\",\"description\":\"Elektronika pro kolejov\u00e1 vozidla a ve\u0159ejnou dopravu\",\"publisher\":{\"@id\":\"https:\/\/amit.cz\/#organization\"},\"potentialAction\":[{\"@type\":\"SearchAction\",\"target\":{\"@type\":\"EntryPoint\",\"urlTemplate\":\"https:\/\/amit.cz\/?s={search_term_string}\"},\"query-input\":{\"@type\":\"PropertyValueSpecification\",\"valueRequired\":true,\"valueName\":\"search_term_string\"}}],\"inLanguage\":\"en-US\"},{\"@type\":\"Organization\",\"@id\":\"https:\/\/amit.cz\/#organization\",\"name\":\"AMiT Holding\",\"url\":\"https:\/\/amit.cz\/\",\"logo\":{\"@type\":\"ImageObject\",\"inLanguage\":\"en-US\",\"@id\":\"https:\/\/amit.cz\/#\/schema\/logo\/image\/\",\"url\":\"https:\/\/amit.cz\/wp-content\/uploads\/2024\/02\/amit-logo.png\",\"contentUrl\":\"https:\/\/amit.cz\/wp-content\/uploads\/2024\/02\/amit-logo.png\",\"width\":110,\"height\":31,\"caption\":\"AMiT Holding\"},\"image\":{\"@id\":\"https:\/\/amit.cz\/#\/schema\/logo\/image\/\"}}]}<\/script>\n<!-- \/ Yoast SEO plugin. -->","yoast_head_json":{"title":"Products - AMiT Holding","robots":{"index":"index","follow":"follow","max-snippet":"max-snippet:-1","max-image-preview":"max-image-preview:large","max-video-preview":"max-video-preview:-1"},"canonical":"https:\/\/amit.cz\/produkty\/","og_locale":"en_US","og_type":"article","og_title":"Products - AMiT Holding","og_url":"https:\/\/amit.cz\/produkty\/","og_site_name":"AMiT Holding","article_modified_time":"2024-03-04T06:43:33+00:00","twitter_card":"summary_large_image","twitter_misc":{"Est. reading time":"36 minutes"},"schema":{"@context":"https:\/\/schema.org","@graph":[{"@type":"WebPage","@id":"https:\/\/amit.cz\/produkty\/","url":"https:\/\/amit.cz\/produkty\/","name":"Products - AMiT Holding","isPartOf":{"@id":"https:\/\/amit.cz\/#website"},"datePublished":"2023-09-19T12:00:35+00:00","dateModified":"2024-03-04T06:43:33+00:00","breadcrumb":{"@id":"https:\/\/amit.cz\/produkty\/#breadcrumb"},"inLanguage":"en-US","potentialAction":[{"@type":"ReadAction","target":["https:\/\/amit.cz\/produkty\/"]}]},{"@type":"BreadcrumbList","@id":"https:\/\/amit.cz\/produkty\/#breadcrumb","itemListElement":[{"@type":"ListItem","position":1,"name":"Home","item":"https:\/\/amit.cz\/"},{"@type":"ListItem","position":2,"name":"Products"}]},{"@type":"WebSite","@id":"https:\/\/amit.cz\/#website","url":"https:\/\/amit.cz\/","name":"AMiT Holding","description":"Elektronika pro kolejov\u00e1 vozidla a ve\u0159ejnou dopravu","publisher":{"@id":"https:\/\/amit.cz\/#organization"},"potentialAction":[{"@type":"SearchAction","target":{"@type":"EntryPoint","urlTemplate":"https:\/\/amit.cz\/?s={search_term_string}"},"query-input":{"@type":"PropertyValueSpecification","valueRequired":true,"valueName":"search_term_string"}}],"inLanguage":"en-US"},{"@type":"Organization","@id":"https:\/\/amit.cz\/#organization","name":"AMiT Holding","url":"https:\/\/amit.cz\/","logo":{"@type":"ImageObject","inLanguage":"en-US","@id":"https:\/\/amit.cz\/#\/schema\/logo\/image\/","url":"https:\/\/amit.cz\/wp-content\/uploads\/2024\/02\/amit-logo.png","contentUrl":"https:\/\/amit.cz\/wp-content\/uploads\/2024\/02\/amit-logo.png","width":110,"height":31,"caption":"AMiT Holding"},"image":{"@id":"https:\/\/amit.cz\/#\/schema\/logo\/image\/"}}]}},"_links":{"self":[{"href":"https:\/\/amit.cz\/en\/wp-json\/wp\/v2\/pages\/7622","targetHints":{"allow":["GET"]}}],"collection":[{"href":"https:\/\/amit.cz\/en\/wp-json\/wp\/v2\/pages"}],"about":[{"href":"https:\/\/amit.cz\/en\/wp-json\/wp\/v2\/types\/page"}],"author":[{"embeddable":true,"href":"https:\/\/amit.cz\/en\/wp-json\/wp\/v2\/users\/80"}],"replies":[{"embeddable":true,"href":"https:\/\/amit.cz\/en\/wp-json\/wp\/v2\/comments?post=7622"}],"version-history":[{"count":5,"href":"https:\/\/amit.cz\/en\/wp-json\/wp\/v2\/pages\/7622\/revisions"}],"predecessor-version":[{"id":7816,"href":"https:\/\/amit.cz\/en\/wp-json\/wp\/v2\/pages\/7622\/revisions\/7816"}],"wp:attachment":[{"href":"https:\/\/amit.cz\/en\/wp-json\/wp\/v2\/media?parent=7622"}],"curies":[{"name":"wp","href":"https:\/\/api.w.org\/{rel}","templated":true}]}}