{"id":16585,"date":"2024-09-20T12:32:22","date_gmt":"2024-09-20T10:32:22","guid":{"rendered":"https:\/\/amit-t.top-me.eu\/?page_id=16585"},"modified":"2024-12-03T07:56:56","modified_gmt":"2024-12-03T05:56:56","slug":"in-house-testing-laboratory","status":"publish","type":"page","link":"https:\/\/amit.cz\/en\/technical-solution\/in-house-testing-laboratory\/","title":{"rendered":"In-house testing laboratory"},"content":{"rendered":"\t\t<div data-elementor-type=\"wp-page\" data-elementor-id=\"16585\" class=\"elementor elementor-16585\" data-elementor-post-type=\"page\">\n\t\t\t\t<div class=\"elementor-element elementor-element-63edc1b e-flex e-con-boxed e-con e-parent\" data-id=\"63edc1b\" data-element_type=\"container\" data-settings=\"{&quot;background_background&quot;:&quot;classic&quot;}\">\n\t\t\t\t\t<div class=\"e-con-inner\">\n\t\t\t\t\t<\/div>\n\t\t\t\t<\/div>\n\t\t<div class=\"elementor-element elementor-element-cc78a60 e-flex e-con-boxed e-con e-parent\" data-id=\"cc78a60\" data-element_type=\"container\">\n\t\t\t\t\t<div class=\"e-con-inner\">\n\t\t<div class=\"elementor-element elementor-element-de46917 e-con-full e-flex e-con e-child\" data-id=\"de46917\" data-element_type=\"container\">\n\t\t\t\t<div class=\"elementor-element elementor-element-dd207f9 elementor-widget elementor-widget-heading\" data-id=\"dd207f9\" data-element_type=\"widget\" data-widget_type=\"heading.default\">\n\t\t\t\t<div class=\"elementor-widget-container\">\n\t\t\t\t\t<h2 class=\"elementor-heading-title elementor-size-default\">In-house testing laboratory<\/h2>\t\t\t\t<\/div>\n\t\t\t\t<\/div>\n\t\t\t\t<div class=\"elementor-element elementor-element-83fb450 elementor-widget elementor-widget-text-editor\" data-id=\"83fb450\" data-element_type=\"widget\" data-widget_type=\"text-editor.default\">\n\t\t\t\t<div class=\"elementor-widget-container\">\n\t\t\t\t\t\t\t\t\t<div class=\"flex max-w-full flex-col flex-grow\"><div class=\"min-h-[20px] text-message flex w-full flex-col items-end gap-2 whitespace-normal break-words [.text-message+&amp;]:mt-5\" dir=\"auto\" data-message-author-role=\"assistant\" data-message-id=\"57e32ba7-58f3-48ca-8e21-7d691364d51d\"><div class=\"flex w-full flex-col gap-1 empty:hidden first:pt-[3px]\"><div class=\"markdown prose w-full break-words dark:prose-invert dark\"><p>In our testing laboratory, we conduct pre-certification tests according to standards \u010cSN EN 61326-1, \u010cSN EN 50121-3-2, and \u010cSN EN 50155. We test the electromagnetic compatibility of our products, focusing on resistance to electrostatic discharge (ESD), burst impulses, surge impacts, power interruptions, and high-frequency interference conducted via wiring.<\/p><p>In our anechoic chamber, we measure electromagnetic emissions of products up to 6 GHz and their resistance to high-frequency fields up to 6 GHz. We also perform climate resistance tests, ranging from -70 \u00b0C in cold conditions to +180 \u00b0C in heat (most commonly from -40 \u00b0C to +70 \u00b0C), and in humid heat from 10% RH to 98% RH. Mechanical durability tests against vibrations according to \u010cSN EN 61373 are conducted on a vibration table in three axes.<\/p><p>We utilize equipment from established brands such as Schaffner, Frankonia, Schwarzbeck, Rohde &amp; Schwarz, WeissTechnik, and Br\u00fcel &amp; Kj\u00e6r. The laboratory is also available for use by our development department.<\/p><\/div><\/div><\/div><\/div>\t\t\t\t\t\t\t\t<\/div>\n\t\t\t\t<\/div>\n\t\t\t\t<div class=\"elementor-element elementor-element-7e49e24 elementor-widget elementor-widget-video\" data-id=\"7e49e24\" data-element_type=\"widget\" data-settings=\"{&quot;video_type&quot;:&quot;hosted&quot;,&quot;autoplay&quot;:&quot;yes&quot;,&quot;play_on_mobile&quot;:&quot;yes&quot;,&quot;mute&quot;:&quot;yes&quot;,&quot;loop&quot;:&quot;yes&quot;,&quot;controls&quot;:&quot;yes&quot;}\" data-widget_type=\"video.default\">\n\t\t\t\t<div class=\"elementor-widget-container\">\n\t\t\t\t\t\t\t<div class=\"e-hosted-video elementor-wrapper elementor-open-inline\">\n\t\t\t\t\t<video class=\"elementor-video\" src=\"https:\/\/amit.cz\/wp-content\/uploads\/2024\/05\/3-1.mp4\" autoplay=\"\" loop=\"\" controls=\"\" muted=\"muted\" playsinline=\"\" controlsList=\"nodownload\"><\/video>\n\t\t\t\t<\/div>\n\t\t\t\t\t\t<\/div>\n\t\t\t\t<\/div>\n\t\t\t\t<div class=\"elementor-element elementor-element-3e4cd98 elementor-align-center elementor-widget elementor-widget-button\" data-id=\"3e4cd98\" data-element_type=\"widget\" data-widget_type=\"button.default\">\n\t\t\t\t<div class=\"elementor-widget-container\">\n\t\t\t\t\t\t\t\t\t<div class=\"elementor-button-wrapper\">\n\t\t\t\t\t<a class=\"elementor-button elementor-button-link elementor-size-md\" href=\"\/en\/contacts\/\">\n\t\t\t\t\t\t<span class=\"elementor-button-content-wrapper\">\n\t\t\t\t\t\t\t\t\t<span class=\"elementor-button-text\">contact US<\/span>\n\t\t\t\t\t<\/span>\n\t\t\t\t\t<\/a>\n\t\t\t\t<\/div>\n\t\t\t\t\t\t\t\t<\/div>\n\t\t\t\t<\/div>\n\t\t\t\t<\/div>\n\t\t\t\t\t<\/div>\n\t\t\t\t<\/div>\n\t\t\t\t<\/div>\n\t\t","protected":false},"excerpt":{"rendered":"<p>In-house testing laboratory In our testing laboratory, we conduct pre-certification tests according to standards \u010cSN EN 61326-1, \u010cSN EN 50121-3-2, and \u010cSN EN 50155. We test the electromagnetic compatibility of our products, focusing on resistance to electrostatic discharge (ESD), burst impulses, surge impacts, power interruptions, and high-frequency interference conducted via wiring. In our anechoic chamber, we measure electromagnetic emissions of products up to 6 GHz and their resistance to high-frequency fields up to 6 GHz. [&hellip;]<\/p>\n","protected":false},"author":39,"featured_media":0,"parent":16551,"menu_order":0,"comment_status":"closed","ping_status":"closed","template":"page-templates\/full-width-no-title.php","meta":{"inspiro_page_layout":"narrow","inspiro_hide_title":false,"footnotes":""},"class_list":["post-16585","page","type-page","status-publish","hentry"],"yoast_head":"<!-- This site is optimized with the Yoast SEO plugin v26.5 - https:\/\/yoast.com\/wordpress\/plugins\/seo\/ -->\n<title>In-house testing laboratory - AMiT Holding<\/title>\n<meta name=\"robots\" content=\"index, follow, max-snippet:-1, max-image-preview:large, max-video-preview:-1\" \/>\n<link rel=\"canonical\" href=\"https:\/\/amit.cz\/en\/technical-solution\/in-house-testing-laboratory\/\" \/>\n<meta property=\"og:locale\" content=\"en_US\" \/>\n<meta property=\"og:type\" content=\"article\" \/>\n<meta property=\"og:title\" content=\"In-house testing laboratory - AMiT Holding\" \/>\n<meta property=\"og:description\" content=\"In-house testing laboratory In our testing laboratory, we conduct pre-certification tests according to standards \u010cSN EN 61326-1, \u010cSN EN 50121-3-2, and \u010cSN EN 50155. We test the electromagnetic compatibility of our products, focusing on resistance to electrostatic discharge (ESD), burst impulses, surge impacts, power interruptions, and high-frequency interference conducted via wiring. In our anechoic chamber, we measure electromagnetic emissions of products up to 6 GHz and their resistance to high-frequency fields up to 6 GHz. [&hellip;]\" \/>\n<meta property=\"og:url\" content=\"https:\/\/amit.cz\/en\/technical-solution\/in-house-testing-laboratory\/\" \/>\n<meta property=\"og:site_name\" content=\"AMiT Holding\" \/>\n<meta property=\"article:modified_time\" content=\"2024-12-03T05:56:56+00:00\" \/>\n<meta name=\"twitter:card\" content=\"summary_large_image\" \/>\n<meta name=\"twitter:label1\" content=\"Est. reading time\" \/>\n\t<meta name=\"twitter:data1\" content=\"1 minute\" \/>\n<script type=\"application\/ld+json\" class=\"yoast-schema-graph\">{\"@context\":\"https:\/\/schema.org\",\"@graph\":[{\"@type\":\"WebPage\",\"@id\":\"https:\/\/amit.cz\/en\/technical-solution\/in-house-testing-laboratory\/\",\"url\":\"https:\/\/amit.cz\/en\/technical-solution\/in-house-testing-laboratory\/\",\"name\":\"In-house testing laboratory - AMiT Holding\",\"isPartOf\":{\"@id\":\"https:\/\/amit.cz\/#website\"},\"datePublished\":\"2024-09-20T10:32:22+00:00\",\"dateModified\":\"2024-12-03T05:56:56+00:00\",\"breadcrumb\":{\"@id\":\"https:\/\/amit.cz\/en\/technical-solution\/in-house-testing-laboratory\/#breadcrumb\"},\"inLanguage\":\"en-US\",\"potentialAction\":[{\"@type\":\"ReadAction\",\"target\":[\"https:\/\/amit.cz\/en\/technical-solution\/in-house-testing-laboratory\/\"]}]},{\"@type\":\"BreadcrumbList\",\"@id\":\"https:\/\/amit.cz\/en\/technical-solution\/in-house-testing-laboratory\/#breadcrumb\",\"itemListElement\":[{\"@type\":\"ListItem\",\"position\":1,\"name\":\"Home\",\"item\":\"https:\/\/amit.cz\/\"},{\"@type\":\"ListItem\",\"position\":2,\"name\":\"Technical solution\",\"item\":\"https:\/\/amit.cz\/en\/technical-solution\/\"},{\"@type\":\"ListItem\",\"position\":3,\"name\":\"In-house testing laboratory\"}]},{\"@type\":\"WebSite\",\"@id\":\"https:\/\/amit.cz\/#website\",\"url\":\"https:\/\/amit.cz\/\",\"name\":\"AMiT Holding\",\"description\":\"Elektronika pro kolejov\u00e1 vozidla a ve\u0159ejnou dopravu\",\"publisher\":{\"@id\":\"https:\/\/amit.cz\/#organization\"},\"potentialAction\":[{\"@type\":\"SearchAction\",\"target\":{\"@type\":\"EntryPoint\",\"urlTemplate\":\"https:\/\/amit.cz\/?s={search_term_string}\"},\"query-input\":{\"@type\":\"PropertyValueSpecification\",\"valueRequired\":true,\"valueName\":\"search_term_string\"}}],\"inLanguage\":\"en-US\"},{\"@type\":\"Organization\",\"@id\":\"https:\/\/amit.cz\/#organization\",\"name\":\"AMiT Holding\",\"url\":\"https:\/\/amit.cz\/\",\"logo\":{\"@type\":\"ImageObject\",\"inLanguage\":\"en-US\",\"@id\":\"https:\/\/amit.cz\/#\/schema\/logo\/image\/\",\"url\":\"https:\/\/amit.cz\/wp-content\/uploads\/2024\/02\/amit-logo.png\",\"contentUrl\":\"https:\/\/amit.cz\/wp-content\/uploads\/2024\/02\/amit-logo.png\",\"width\":110,\"height\":31,\"caption\":\"AMiT Holding\"},\"image\":{\"@id\":\"https:\/\/amit.cz\/#\/schema\/logo\/image\/\"}}]}<\/script>\n<!-- \/ Yoast SEO plugin. -->","yoast_head_json":{"title":"In-house testing laboratory - AMiT Holding","robots":{"index":"index","follow":"follow","max-snippet":"max-snippet:-1","max-image-preview":"max-image-preview:large","max-video-preview":"max-video-preview:-1"},"canonical":"https:\/\/amit.cz\/en\/technical-solution\/in-house-testing-laboratory\/","og_locale":"en_US","og_type":"article","og_title":"In-house testing laboratory - AMiT Holding","og_description":"In-house testing laboratory In our testing laboratory, we conduct pre-certification tests according to standards \u010cSN EN 61326-1, \u010cSN EN 50121-3-2, and \u010cSN EN 50155. We test the electromagnetic compatibility of our products, focusing on resistance to electrostatic discharge (ESD), burst impulses, surge impacts, power interruptions, and high-frequency interference conducted via wiring. In our anechoic chamber, we measure electromagnetic emissions of products up to 6 GHz and their resistance to high-frequency fields up to 6 GHz. [&hellip;]","og_url":"https:\/\/amit.cz\/en\/technical-solution\/in-house-testing-laboratory\/","og_site_name":"AMiT Holding","article_modified_time":"2024-12-03T05:56:56+00:00","twitter_card":"summary_large_image","twitter_misc":{"Est. reading time":"1 minute"},"schema":{"@context":"https:\/\/schema.org","@graph":[{"@type":"WebPage","@id":"https:\/\/amit.cz\/en\/technical-solution\/in-house-testing-laboratory\/","url":"https:\/\/amit.cz\/en\/technical-solution\/in-house-testing-laboratory\/","name":"In-house testing laboratory - AMiT Holding","isPartOf":{"@id":"https:\/\/amit.cz\/#website"},"datePublished":"2024-09-20T10:32:22+00:00","dateModified":"2024-12-03T05:56:56+00:00","breadcrumb":{"@id":"https:\/\/amit.cz\/en\/technical-solution\/in-house-testing-laboratory\/#breadcrumb"},"inLanguage":"en-US","potentialAction":[{"@type":"ReadAction","target":["https:\/\/amit.cz\/en\/technical-solution\/in-house-testing-laboratory\/"]}]},{"@type":"BreadcrumbList","@id":"https:\/\/amit.cz\/en\/technical-solution\/in-house-testing-laboratory\/#breadcrumb","itemListElement":[{"@type":"ListItem","position":1,"name":"Home","item":"https:\/\/amit.cz\/"},{"@type":"ListItem","position":2,"name":"Technical solution","item":"https:\/\/amit.cz\/en\/technical-solution\/"},{"@type":"ListItem","position":3,"name":"In-house testing laboratory"}]},{"@type":"WebSite","@id":"https:\/\/amit.cz\/#website","url":"https:\/\/amit.cz\/","name":"AMiT Holding","description":"Elektronika pro kolejov\u00e1 vozidla a ve\u0159ejnou dopravu","publisher":{"@id":"https:\/\/amit.cz\/#organization"},"potentialAction":[{"@type":"SearchAction","target":{"@type":"EntryPoint","urlTemplate":"https:\/\/amit.cz\/?s={search_term_string}"},"query-input":{"@type":"PropertyValueSpecification","valueRequired":true,"valueName":"search_term_string"}}],"inLanguage":"en-US"},{"@type":"Organization","@id":"https:\/\/amit.cz\/#organization","name":"AMiT Holding","url":"https:\/\/amit.cz\/","logo":{"@type":"ImageObject","inLanguage":"en-US","@id":"https:\/\/amit.cz\/#\/schema\/logo\/image\/","url":"https:\/\/amit.cz\/wp-content\/uploads\/2024\/02\/amit-logo.png","contentUrl":"https:\/\/amit.cz\/wp-content\/uploads\/2024\/02\/amit-logo.png","width":110,"height":31,"caption":"AMiT Holding"},"image":{"@id":"https:\/\/amit.cz\/#\/schema\/logo\/image\/"}}]}},"_links":{"self":[{"href":"https:\/\/amit.cz\/en\/wp-json\/wp\/v2\/pages\/16585","targetHints":{"allow":["GET"]}}],"collection":[{"href":"https:\/\/amit.cz\/en\/wp-json\/wp\/v2\/pages"}],"about":[{"href":"https:\/\/amit.cz\/en\/wp-json\/wp\/v2\/types\/page"}],"author":[{"embeddable":true,"href":"https:\/\/amit.cz\/en\/wp-json\/wp\/v2\/users\/39"}],"replies":[{"embeddable":true,"href":"https:\/\/amit.cz\/en\/wp-json\/wp\/v2\/comments?post=16585"}],"version-history":[{"count":8,"href":"https:\/\/amit.cz\/en\/wp-json\/wp\/v2\/pages\/16585\/revisions"}],"predecessor-version":[{"id":16643,"href":"https:\/\/amit.cz\/en\/wp-json\/wp\/v2\/pages\/16585\/revisions\/16643"}],"up":[{"embeddable":true,"href":"https:\/\/amit.cz\/en\/wp-json\/wp\/v2\/pages\/16551"}],"wp:attachment":[{"href":"https:\/\/amit.cz\/en\/wp-json\/wp\/v2\/media?parent=16585"}],"curies":[{"name":"wp","href":"https:\/\/api.w.org\/{rel}","templated":true}]}}